{"id":487,"date":"2020-06-16T10:02:25","date_gmt":"2020-06-16T08:02:25","guid":{"rendered":"http:\/\/lesamisdesclochersduvieuxlille.com\/?page_id=487"},"modified":"2020-06-16T10:02:25","modified_gmt":"2020-06-16T08:02:25","slug":"partenariats","status":"publish","type":"page","link":"https:\/\/lesamisdesclochersduvieuxlille.com\/index.php\/nos-mecenes\/partenariats\/","title":{"rendered":"Partenariats"},"content":{"rendered":"<div class=\"fl-builder-content fl-builder-content-487\" data-post-id=\"487\"><div class=\"fl-row fl-row-fixed-width fl-row-bg-none fl-node-5eda496099316\" data-node=\"5eda496099316\">\n\t<div class=\"fl-row-content-wrap\">\n\t\t\t\t\t\t<div class=\"fl-row-content fl-row-fixed-width fl-node-content\">\n\t\t\n<div class=\"fl-col-group fl-node-5eda49609c2bf\" data-node=\"5eda49609c2bf\">\n\t\t\t<div class=\"fl-col fl-node-5eda49609c38d\" data-node=\"5eda49609c38d\">\n\t<div class=\"fl-col-content fl-node-content\">\n\t<div class=\"fl-module fl-module-rich-text fl-node-5eda49d1e6cda\" data-node=\"5eda49d1e6cda\">\n\t<div class=\"fl-module-content fl-node-content\">\n\t\t<div class=\"fl-rich-text\">\n\t<p><strong>Merci \u00e0 nos partenaires<\/strong><\/p>\n<div id=\"gtx-trans\" style=\"position: absolute; left: -33px; top: -13px;\">\n<div class=\"gtx-trans-icon\"><\/div>\n<\/div>\n<\/div>\n\t<\/div>\n<\/div>\n<div class=\"fl-module fl-module-rich-text fl-node-5eda4a3717435\" data-node=\"5eda4a3717435\">\n\t<div class=\"fl-module-content fl-node-content\">\n\t\t<div class=\"fl-rich-text\">\n\t<hr \/>\n<p><em><strong>Ils nous soutiennent d\u00e9j\u00e0<\/strong><\/em><\/p>\n<p>&nbsp;<\/p>\n<ul>\n<li><strong>Partenaires institutionnels<\/strong><\/li>\n<li style=\"list-style-type: none;\">\n<ul>\n<li>Commission dioc\u00e9saine d\u2019art sacr\u00e9 de Lille ;<\/li>\n<li>Direction du service patrimoine culturel de la Ville de Lille ;<\/li>\n<li>Conservation des antiquit\u00e9s et objets inscrits et class\u00e9s du Conseil d\u00e9partemental du Nord ;<\/li>\n<li>Conservation r\u00e9gionale des Monuments Historiques - Direction r\u00e9gionale des Affaires culturelles (DRAC) Hauts-de-France.<\/li>\n<\/ul>\n<\/li>\n<\/ul>\n<p>&nbsp;<\/p>\n<ul>\n<li><strong>Partenaires culturels<\/strong>\n<ul>\n<li>Association Saint-Andr\u00e9 du Vieux-Lille ;<\/li>\n<li>\u00c9glises Ouvertes Nord-de-France ;<\/li>\n<li>Office de tourisme et des congr\u00e8s de Lille ;<\/li>\n<li>Renaissance du Lille Ancien ;<\/li>\n<li>Lille Design ;<\/li>\n<li>Le Journal <em>Partages ;<\/em><\/li>\n<li>Chapelles &amp; Co.<\/li>\n<\/ul>\n<\/li>\n<\/ul>\n<p>&nbsp;<\/p>\n<ul>\n<li><strong>Entreprises partenaires<\/strong>\n<ul>\n<li>EUROVANILLE ;<\/li>\n<li>N3C ;<\/li>\n<li>Club 41 de Lambersart ;<\/li>\n<li>Rotary Club de Lille.<\/li>\n<\/ul>\n<\/li>\n<\/ul>\n<p>&nbsp;<\/p>\n<p><em>Nous remercions aussi la ville de Lille qui, chaque ann\u00e9e, gr\u00e2ce \u00e0 une dotation, permet d\u2019ouvrir et de pouvoir faire visiter les deux \u00e9glises.<\/em><br \/>\n<em>Nous remercions enfin les autres entreprises tout aussi conquises par ce projet, ainsi que les nombreuses personnes et associations qui <\/em><em>ont aid\u00e9 Les Amis des Clochers du Vieux-Lille depuis l\u2019origine.<\/em><\/p>\n<p><strong><em>Vous souhaitez devenir un partenaire ? Entreprise ou particulier, nous construisons ensemble chaque projet, <a href=\"http:\/\/lesamisdesclochersduvieuxlille.com\/index.php\/contact\/\">contactez-nous !<\/a><\/em><\/strong><\/p>\n<\/div>\n\t<\/div>\n<\/div>\n\t<\/div>\n<\/div>\n\t<\/div>\n\t\t<\/div>\n\t<\/div>\n<\/div>\n<\/div>","protected":false},"excerpt":{"rendered":"<p>Merci \u00e0 nos partenaires Ils nous soutiennent d\u00e9j\u00e0 &nbsp; Partenaires institutionnels Commission dioc\u00e9saine d\u2019art sacr\u00e9 de Lille ; Direction du service patrimoine culturel de la Ville de Lille ; Conservation des antiquit\u00e9s et objets inscrits et class\u00e9s du Conseil d\u00e9partemental du Nord ; Conservation r\u00e9gionale des Monuments Historiques &#8211; Direction r\u00e9gionale des Affaires culturelles (DRAC) <a class=\"more-link\" href=\"https:\/\/lesamisdesclochersduvieuxlille.com\/index.php\/nos-mecenes\/partenariats\/\">Lire plus &#8230;<\/a><\/p>\n","protected":false},"author":1,"featured_media":0,"parent":404,"menu_order":2,"comment_status":"closed","ping_status":"closed","template":"","meta":[],"_links":{"self":[{"href":"https:\/\/lesamisdesclochersduvieuxlille.com\/index.php\/wp-json\/wp\/v2\/pages\/487"}],"collection":[{"href":"https:\/\/lesamisdesclochersduvieuxlille.com\/index.php\/wp-json\/wp\/v2\/pages"}],"about":[{"href":"https:\/\/lesamisdesclochersduvieuxlille.com\/index.php\/wp-json\/wp\/v2\/types\/page"}],"author":[{"embeddable":true,"href":"https:\/\/lesamisdesclochersduvieuxlille.com\/index.php\/wp-json\/wp\/v2\/users\/1"}],"replies":[{"embeddable":true,"href":"https:\/\/lesamisdesclochersduvieuxlille.com\/index.php\/wp-json\/wp\/v2\/comments?post=487"}],"version-history":[{"count":4,"href":"https:\/\/lesamisdesclochersduvieuxlille.com\/index.php\/wp-json\/wp\/v2\/pages\/487\/revisions"}],"predecessor-version":[{"id":593,"href":"https:\/\/lesamisdesclochersduvieuxlille.com\/index.php\/wp-json\/wp\/v2\/pages\/487\/revisions\/593"}],"up":[{"embeddable":true,"href":"https:\/\/lesamisdesclochersduvieuxlille.com\/index.php\/wp-json\/wp\/v2\/pages\/404"}],"wp:attachment":[{"href":"https:\/\/lesamisdesclochersduvieuxlille.com\/index.php\/wp-json\/wp\/v2\/media?parent=487"}],"curies":[{"name":"wp","href":"https:\/\/api.w.org\/{rel}","templated":true}]}}