{"id":43,"date":"2017-05-11T23:47:12","date_gmt":"2017-05-11T21:47:12","guid":{"rendered":"http:\/\/lesamisdesclochersduvieuxlille.com\/?page_id=43"},"modified":"2020-11-02T10:41:47","modified_gmt":"2020-11-02T09:41:47","slug":"sainte-catherine","status":"publish","type":"page","link":"https:\/\/lesamisdesclochersduvieuxlille.com\/index.php\/nos-eglises\/sainte-catherine\/","title":{"rendered":"Sainte-Catherine du Vieux-Lille"},"content":{"rendered":"<div class=\"fl-builder-content fl-builder-content-43\" data-post-id=\"43\"><div class=\"fl-row fl-row-fixed-width fl-row-bg-none fl-node-5ed8f34ba63b0\" data-node=\"5ed8f34ba63b0\">\n\t<div class=\"fl-row-content-wrap\">\n\t\t\t\t\t\t<div class=\"fl-row-content fl-row-fixed-width fl-node-content\">\n\t\t\n<div class=\"fl-col-group fl-node-5ed8f4780718c\" data-node=\"5ed8f4780718c\">\n\t\t\t<div class=\"fl-col fl-node-5ed8f47807266\" data-node=\"5ed8f47807266\">\n\t<div class=\"fl-col-content fl-node-content\">\n\t<div class=\"fl-module fl-module-rich-text fl-node-5ed8f3c08b75c\" data-node=\"5ed8f3c08b75c\">\n\t<div class=\"fl-module-content fl-node-content\">\n\t\t<div class=\"fl-rich-text\">\n\t<p><em>Le Vieux Lille, quartier historique de la ville, accueille certains de ses plus anciens et de ses plus remarquables b\u00e2timents. Parmi eux, l\u2019\u00e9glise Sainte-Catherine, \u00e9lev\u00e9e il y a plus de 500 ans, fait partie des t\u00e9moins incontournables de la longue histoire lilloise.<\/em><\/p>\n<\/div>\n\t<\/div>\n<\/div>\n<div class=\"fl-module fl-module-rich-text fl-node-5ed8f36ae47b2\" data-node=\"5ed8f36ae47b2\">\n\t<div class=\"fl-module-content fl-node-content\">\n\t\t<div class=\"fl-rich-text\">\n\t<div>\n<hr \/>\n<p><strong>L'\u00e9glise<\/strong><\/p>\n<\/div>\n<\/div>\n\t<\/div>\n<\/div>\n\t<\/div>\n<\/div>\n\t<\/div>\n\n<div class=\"fl-col-group fl-node-5ed8f34ba6e64\" data-node=\"5ed8f34ba6e64\">\n\t\t\t<div class=\"fl-col fl-node-5ed8f34ba6f77\" data-node=\"5ed8f34ba6f77\">\n\t<div class=\"fl-col-content fl-node-content\">\n\t<div class=\"fl-module fl-module-rich-text fl-node-5ed8f4d714bae\" data-node=\"5ed8f4d714bae\">\n\t<div class=\"fl-module-content fl-node-content\">\n\t\t<div class=\"fl-rich-text\">\n\t<p><strong>Une paroisse ancienne<\/strong><\/p>\n<p>Les premi\u00e8res traces d\u2019un lieu de culte chr\u00e9tien \u00e0 l\u2019emplacement qu\u2019occupe l\u2019\u00e9glise sont attest\u00e9es d\u00e8s le XIIIe si\u00e8cle. Pour autant, l\u2019\u00e9difice que l\u2019on conna\u00eet actuellement ne commence \u00e0 \u00eatre b\u00e2ti qu\u2019\u00e0 la fin du XVe si\u00e8cle : <strong>la nef est \u00e9lev\u00e9e entre 1485 et 1487<\/strong>. Puis les travaux se poursuivent <strong>au XVIe si\u00e8cle avec l\u2019\u00e9rection de la tour-clocher, l\u2019un des symboles de l\u2019\u00e9glise, entre 1500 et 1504<\/strong>, et <strong>l\u2019inauguration d\u2019un nouveau ch\u0153ur, achev\u00e9 en 1542<\/strong>. Plus ancienne \u00e9glise de Lille, Sainte-Catherine porte, avec sa <strong>remarquable architecture composite<\/strong>, les traces de cette anciennet\u00e9.<\/p>\n<\/div>\n\t<\/div>\n<\/div>\n<div class=\"fl-module fl-module-rich-text fl-node-5ed8f58b7840d\" data-node=\"5ed8f58b7840d\">\n\t<div class=\"fl-module-content fl-node-content\">\n\t\t<div class=\"fl-rich-text\">\n\t<p><strong>Les fastes d\u2019une \u00e9glise<\/strong><\/p>\n<p>Une nouvelle vague de grand travaux est lanc\u00e9e dans la premi\u00e8re moiti\u00e9 du XVIIIe si\u00e8cle, qui voit l\u2019agrandissement de l\u2019\u00e9glise : <strong>les chapelles lat\u00e9rales sont prolong\u00e9es de deux trav\u00e9es. D\u2019abord au nord, entre 1724 et 1725 ; puis au sud, entre 1726 et 1727<\/strong>. \u00c0 l\u2019aube de la R\u00e9volution Sainte-Catherine est une \u00e9glise de taille relativement importante avec un int\u00e9rieur richement orn\u00e9. Elle abrite m\u00eame alors quelques chefs d\u2019\u0153uvre comme <em><strong>Le martyre de Sainte-Catherine <\/strong><\/em><strong>(vers 1615)<\/strong>, du ma\u00eetre flamand <strong>Pierre Paul Rubens (1577-1640)<\/strong>, offert \u00e0 l\u2019\u00e9glise par l\u2019un de ses paroissiens pour orner le ma\u00eetre-autel. On retrouve aujourd'hui ce tableau au Palais des Beaux-Arts de Lille.<\/p>\n<\/div>\n\t<\/div>\n<\/div>\n<div class=\"fl-module fl-module-rich-text fl-node-5ed8f95e57b45\" data-node=\"5ed8f95e57b45\">\n\t<div class=\"fl-module-content fl-node-content\">\n\t\t<div class=\"fl-rich-text\">\n\t<p><strong>Le poids de la R\u00e9volution<\/strong><\/p>\n<p>\u00c0 la p\u00e9riode r\u00e9volutionnaire l\u2019\u00e9glise est transform\u00e9e en grange et voit son int\u00e9rieur d\u00e9pouill\u00e9. Son clocher conna\u00eet aussi un sort particulier puisqu\u2019il est tour \u00e0 tour utilis\u00e9 comme point d\u2019observation, du fait de sa position strat\u00e9gique, et comme lieu de t\u00e9l\u00e9communication. <strong>La tour devient en effet, en 1795, un t\u00e9l\u00e9graphe Chappe<\/strong>, alors que la premi\u00e8re ligne t\u00e9l\u00e9graphique de France, reliant Paris \u00e0 Lille, a \u00e9t\u00e9 inaugur\u00e9e l\u2019ann\u00e9e pr\u00e9c\u00e9dente. Ces nouvelles affectations marquent durablement l\u2019architecture du lieu, lui donnant ce caract\u00e8re symbolique, puisque c\u2019est \u00e0 ce moment, et pour des raisons pratiques, que la tour est priv\u00e9e de son toit d\u2019origine (octobre 1794). <strong>Celle-ci restera tour-t\u00e9l\u00e9gramme jusqu\u2019en 1846 puis point d\u2019observation jusqu\u2019en 1891<\/strong>, bien apr\u00e8s que l\u2019\u00e9glise ait retrouv\u00e9e son affectation religieuse en 1796.<\/p>\n<\/div>\n\t<\/div>\n<\/div>\n<div class=\"fl-module fl-module-rich-text fl-node-5ed8f9e2db5af\" data-node=\"5ed8f9e2db5af\">\n\t<div class=\"fl-module-content fl-node-content\">\n\t\t<div class=\"fl-rich-text\">\n\t<p><strong>De la d\u00e9votion religieuse \u00e0 la d\u00e9votion patrimoniale (XIXe-XXe si\u00e8cles) <\/strong><\/p>\n<p>Au XIXe si\u00e8cle Sainte-Catherine devient le c\u0153ur battant du catholicisme lillois en accueillant <strong>la statue miraculeuse de Notre-Dame de la Treille, patronne de la ville<\/strong>, sauv\u00e9e <em>in extremis<\/em> des d\u00e9combres de la <strong>coll\u00e9giale Saint-Pierre<\/strong>, d\u00e9truite \u00e0 la R\u00e9volution. Si la statue, ador\u00e9e depuis le Moyen \u00c2ge, est d\u2019abord condamn\u00e9e \u00e0 l\u2019oubli, elle redevient un centre d\u2019int\u00e9r\u00eat d\u00e9votionnel \u00e0 partir des ann\u00e9es 1840. <strong>Sainte-Catherine accueille alors de nombreux fid\u00e8les et p\u00e8lerins<\/strong>, venus parfois de loin. En 1872, la statue rejoint finalement le sanctuaire qui lui a \u00e9t\u00e9 d\u00e9di\u00e9 (l\u2019actuelle <strong>cath\u00e9drale Notre-Dame-de-la-Treille<\/strong>). Le XIXe si\u00e8cle rime aussi pour l\u2019\u00e9difice avec embellissement. Apr\u00e8s le d\u00e9pouillement de la R\u00e9volution, l\u2019\u00e9glise est red\u00e9cor\u00e9e dans un go\u00fbt n\u00e9o-gothique qu\u2019elle doit au sculpteur <strong>Charles-Buisine-Rigot (1820-1893)<\/strong>, \u00e0 la plafonneuse <strong>Eug\u00e9nie Caroline Castel (1801-1881)<\/strong> et au peintre <strong>Charles Stalars (1808-1876)<\/strong>. Il convient aussi d\u2019\u00e9voquer le vitrail du chevet repr\u00e9sentant le <strong><em>Triomphe de Sainte-Catherine<\/em><\/strong>, r\u00e9alis\u00e9 par le ma\u00eetre-verrier <strong>F\u00e9lix Gaudin (1851-1930)<\/strong>.<\/p>\n<p>Au XXe si\u00e8cle, l\u2019\u00e9glise est en danger. Mena\u00e7ant de s\u2019\u00e9crouler, elle est ferm\u00e9e. Mais son caract\u00e8re historique et artistique, reconnu par son <strong>classement au titre des Monuments historiques en 1991<\/strong>, ne manquera pas de la sauver et de permettre le lancement d\u2019un grand chantier de restauration dans les ann\u00e9es 1960. Cette campagne de travaux est aussi l\u2019occasion de retirer de nombreuses \u00ab restaurations \u00bb du XIXe si\u00e8cle, dont le principe avait \u00e9t\u00e9 moins le respect de l\u2019histoire du b\u00e2timent que la reconstitution d\u2019un d\u00e9cor n\u00e9o-gothique imaginaire. Au c\u0153ur d'une histoire mouvement\u00e9e l\u2019\u00e9glise tr\u00f4ne encore fi\u00e8rement en plein c\u0153ur de Lille.<\/p>\n<p>&nbsp;<\/p>\n<p><div id=\"attachment_667\" style=\"width: 267px\" class=\"wp-caption aligncenter\"><img loading=\"lazy\" aria-describedby=\"caption-attachment-667\" class=\"wp-image-667\" src=\"http:\/\/lesamisdesclochersduvieuxlille.com\/wp-content\/uploads\/2020\/06\/SC-A5-3-250-rotated.jpg\" alt=\"\" width=\"257\" height=\"365\" srcset=\"https:\/\/lesamisdesclochersduvieuxlille.com\/wp-content\/uploads\/2020\/06\/SC-A5-3-250-rotated.jpg 1457w, https:\/\/lesamisdesclochersduvieuxlille.com\/wp-content\/uploads\/2020\/06\/SC-A5-3-250-211x300.jpg 211w, https:\/\/lesamisdesclochersduvieuxlille.com\/wp-content\/uploads\/2020\/06\/SC-A5-3-250-722x1024.jpg 722w, https:\/\/lesamisdesclochersduvieuxlille.com\/wp-content\/uploads\/2020\/06\/SC-A5-3-250-768x1090.jpg 768w, https:\/\/lesamisdesclochersduvieuxlille.com\/wp-content\/uploads\/2020\/06\/SC-A5-3-250-1083x1536.jpg 1083w, https:\/\/lesamisdesclochersduvieuxlille.com\/wp-content\/uploads\/2020\/06\/SC-A5-3-250-1444x2048.jpg 1444w\" sizes=\"(max-width: 257px) 100vw, 257px\" \/><p id=\"caption-attachment-667\" class=\"wp-caption-text\">Vue de l'\u00e9glise en arrivant de la rue Royale.<\/p><\/div><\/p>\n<\/div>\n\t<\/div>\n<\/div>\n<div class=\"fl-module fl-module-rich-text fl-node-5edf3e35e539a\" data-node=\"5edf3e35e539a\">\n\t<div class=\"fl-module-content fl-node-content\">\n\t\t<div class=\"fl-rich-text\">\n\t<hr \/>\n<p><strong>Parmi les \u00e9l\u00e9ments remarquables<\/strong><\/p>\n<\/div>\n\t<\/div>\n<\/div>\n<div class=\"fl-module fl-module-rich-text fl-node-5ed901b373ea8\" data-node=\"5ed901b373ea8\">\n\t<div class=\"fl-module-content fl-node-content\">\n\t\t<div class=\"fl-rich-text\">\n\t<ul>\n<li><strong>Stalles<\/strong> (1876-1877), Charles Buisine-Rigot (1820-1893). Bois sculpt\u00e9.<\/li>\n<\/ul>\n<p>Au nombre de 72 les stalles sont parmi les \u00e9l\u00e9ments de mobilier les plus remarquables de Sainte-Catherine. Brillamment r\u00e9alis\u00e9es dans un style n\u00e9o-gothique par C. Buisine-Rigot, elles ont \u00e9t\u00e9 dessin\u00e9es par l\u2019architecte Charles Maillard-Desurmont (1821-1875). Y sont repr\u00e9sent\u00e9s les ap\u00f4tres, les docteurs de l\u2019\u00c9glise ou encore de nombreux saints locaux.<\/p>\n<p><img loading=\"lazy\" class=\"wp-image-604 aligncenter\" src=\"http:\/\/lesamisdesclochersduvieuxlille.com\/wp-content\/uploads\/2020\/06\/SC-A5-2-250.jpg\" alt=\"\" width=\"447\" height=\"315\" srcset=\"https:\/\/lesamisdesclochersduvieuxlille.com\/wp-content\/uploads\/2020\/06\/SC-A5-2-250.jpg 2067w, https:\/\/lesamisdesclochersduvieuxlille.com\/wp-content\/uploads\/2020\/06\/SC-A5-2-250-300x211.jpg 300w, https:\/\/lesamisdesclochersduvieuxlille.com\/wp-content\/uploads\/2020\/06\/SC-A5-2-250-1024x722.jpg 1024w, https:\/\/lesamisdesclochersduvieuxlille.com\/wp-content\/uploads\/2020\/06\/SC-A5-2-250-768x541.jpg 768w, https:\/\/lesamisdesclochersduvieuxlille.com\/wp-content\/uploads\/2020\/06\/SC-A5-2-250-1536x1083.jpg 1536w, https:\/\/lesamisdesclochersduvieuxlille.com\/wp-content\/uploads\/2020\/06\/SC-A5-2-250-2048x1444.jpg 2048w\" sizes=\"(max-width: 447px) 100vw, 447px\" \/><\/p>\n<p>&nbsp;<\/p>\n<ul>\n<li><strong><em>Le Triomphe de Sainte-Catherine<\/em><\/strong> (1893), F\u00e9lix Gaudin (1851-1930). Vitrail.<\/li>\n<\/ul>\n<p>Ce vitrail a \u00e9t\u00e9 r\u00e9alis\u00e9 d\u2019apr\u00e8s les indications de l\u2019architecte lillois Louis-Marie Cordonnier (1854-1940), \u00e9galement \u00e0 l\u2019origine de la tour-clocher de Saint-Andr\u00e9.<\/p>\n<p>&nbsp;<\/p>\n<p><img loading=\"lazy\" class=\"wp-image-605 aligncenter\" src=\"http:\/\/lesamisdesclochersduvieuxlille.com\/wp-content\/uploads\/2020\/06\/SC-A5-1-250.jpg\" alt=\"\" width=\"465\" height=\"328\" srcset=\"https:\/\/lesamisdesclochersduvieuxlille.com\/wp-content\/uploads\/2020\/06\/SC-A5-1-250.jpg 2067w, https:\/\/lesamisdesclochersduvieuxlille.com\/wp-content\/uploads\/2020\/06\/SC-A5-1-250-300x211.jpg 300w, https:\/\/lesamisdesclochersduvieuxlille.com\/wp-content\/uploads\/2020\/06\/SC-A5-1-250-1024x722.jpg 1024w, https:\/\/lesamisdesclochersduvieuxlille.com\/wp-content\/uploads\/2020\/06\/SC-A5-1-250-768x541.jpg 768w, https:\/\/lesamisdesclochersduvieuxlille.com\/wp-content\/uploads\/2020\/06\/SC-A5-1-250-1536x1083.jpg 1536w, https:\/\/lesamisdesclochersduvieuxlille.com\/wp-content\/uploads\/2020\/06\/SC-A5-1-250-2048x1444.jpg 2048w\" sizes=\"(max-width: 465px) 100vw, 465px\" \/><\/p>\n<p>&nbsp;<\/p>\n<p><a href=\"http:\/\/lesamisdesclochersduvieuxlille.com\/wp-content\/uploads\/2020\/11\/depliant-ste-Catherine.pdf\"><strong><strong><em>Plus d'informations sur le guide de visite disponible ici !<\/em><\/strong><em><\/a><\/p>\n<\/div>\n\t<\/div>\n<\/div>\n<div class=\"fl-module fl-module-rich-text fl-node-5edf40824d74f\" data-node=\"5edf40824d74f\">\n\t<div class=\"fl-module-content fl-node-content\">\n\t\t<div class=\"fl-rich-text\">\n\t<hr \/>\n<p><strong>Autour de Sainte-Catherine<\/strong><\/p>\n<div id=\"gtx-trans\" style=\"position: absolute; left: -41px; top: -13px;\">\n<div class=\"gtx-trans-icon\"><\/div>\n<\/div>\n<\/div>\n\t<\/div>\n<\/div>\n<div class=\"fl-module fl-module-rich-text fl-node-5ed90520a0749\" data-node=\"5ed90520a0749\">\n\t<div class=\"fl-module-content fl-node-content\">\n\t\t<div class=\"fl-rich-text\">\n\t<p>Plusieurs maisons typiques de l\u2019architecture lilloise ont \u00e9t\u00e9 restaur\u00e9es aux alentours. Aux N\u00b0 8 et 10, vous d\u00e9couvrirez la \u00ab boule lilloise \u00bb que l'on retrouve encore sur certaines fa\u00e7ades de la placette contig\u00fce portant le nom de Jacques Louchart. Bienfaiteur lillois, cet homme fit en 1285 un don de 100 livres de rente dont il confia la gestion \u00e0 l\u2019\u00e9chevinage pour l\u2019achat de draps, de toiles, de souliers, mais aussi de bl\u00e9, destin\u00e9s aux \u2039\u2039 povres honteus \u203a\u203a.<br \/>\nCette partie de la ville a gard\u00e9 son atmosph\u00e8re d'antan et se pr\u00eate particuli\u00e8rement aux balades \u00e0 l'aff\u00fbt des curiosit\u00e9s de l'histoire et de l'architecture lilloise. Sainte-Catherine, plus vieille \u00e9glise paroissiale de Lille, en t\u00e9moigne.<\/p>\n<p>&nbsp;<\/p>\n<p><strong><em>Le quartier du Vieux-Lille rec\u00e8le, par ailleurs, de bien d'autres lieux \u00e0 d\u00e9couvrir. Poursuivez donc votre visite en vous rendant \u00e0 l\u2019\u00e9glise Saint-Andr\u00e9 ou en parcourant le quartier muni <a href=\"http:\/\/lesamisdesclochersduvieuxlille.com\/wp-content\/uploads\/2020\/06\/ACVL-BALADE-AUTOUR-DES-CLOCHERS...pdf\">du guide <\/a><a href=\"http:\/\/lesamisdesclochersduvieuxlille.com\/wp-content\/uploads\/2020\/06\/ACVL-BALADE-AUTOUR-DES-CLOCHERS...pdf\">\u00ab <\/a><a href=\"http:\/\/lesamisdesclochersduvieuxlille.com\/wp-content\/uploads\/2020\/06\/ACVL-BALADE-AUTOUR-DES-CLOCHERS...pdf\">Balade culturelle autour des clochers du Vieux-Lille \u00bb, disponible en version num\u00e9rique !<\/a><\/em><\/strong><\/p>\n<\/div>\n\t<\/div>\n<\/div>\n\t<\/div>\n<\/div>\n\t<\/div>\n\t\t<\/div>\n\t<\/div>\n<\/div>\n<div class=\"fl-row fl-row-fixed-width fl-row-bg-none fl-node-5edf41409aa8a\" data-node=\"5edf41409aa8a\">\n\t<div class=\"fl-row-content-wrap\">\n\t\t\t\t\t\t<div class=\"fl-row-content fl-row-fixed-width fl-node-content\">\n\t\t\n<div class=\"fl-col-group fl-node-5edf41409adb9\" data-node=\"5edf41409adb9\">\n\t\t\t<div class=\"fl-col fl-node-5edf41409adf0\" data-node=\"5edf41409adf0\">\n\t<div class=\"fl-col-content fl-node-content\">\n\t<div class=\"fl-module fl-module-rich-text fl-node-5edf41409b08b\" data-node=\"5edf41409b08b\">\n\t<div class=\"fl-module-content fl-node-content\">\n\t\t<div class=\"fl-rich-text\">\n\t<p><span style=\"font-size: 24px; color: #e2001a;\"><strong>Informations pratiques<\/strong><\/span><\/p>\n<p>&nbsp;<\/p>\n<ul>\n<li><strong>Accueil et m\u00e9diation\u00a0 <\/strong><em>E<\/em><em>n pr\u00e9sence d'un m\u00e9diateur culturel<\/em>\n<ul>\n<li><strong>Pendant l'ann\u00e9e (hors vacances scolaires)\u00a0<\/strong>Les samedis et jours f\u00e9ri\u00e9s (sauf 25\/12 et 01\/01) de 13h30 \u00e0 17h30<\/li>\n<li><strong>Vacances scolaires<\/strong>\u00a0 Du mercredi au samedi de 13h30 \u00e0 17h30<\/li>\n<\/ul>\n<\/li>\n<\/ul>\n<p>&nbsp;<\/p>\n<ul>\n<li><b>Accessibilit\u00e9 \u00a0<\/b><em>L'\u00e9glise est accessible aux personnes \u00e0 mobilit\u00e9 r\u00e9duite (PMR)<\/em><\/li>\n<\/ul>\n<p>&nbsp;<\/p>\n<p style=\"text-align: center;\"><a href=\"http:\/\/iframe%20src=https:\/\/www.google.com\/maps\/embed?pb=!1m18!1m12!1m3!1d2530.34309277409!2d3.054362015162757!3d50.63931898161974!2m3!1f0!2f0!3f0!3m2!1i1024!2i768!4f13.1!3m3!1m2!1s0x47c2d580aabfc2f7%3A0xb35e6c2ef66c9cc2!2s%C3%89glise%20catholique%20Sainte-Catherine%20au%20Vieux-Lille!5e0!3m2!1sfr!2sfr!4v1593437527777!5m2!1sfr!2sfr%20width=600%20height=450%20frameborder=0%20style=border:0;%20allowfullscreen=%20aria-hidden=false%20tabindex=0\/iframe\"><iframe loading=\"lazy\" style=\"border: 0;\" tabindex=\"0\" src=\"https:\/\/www.google.com\/maps\/embed?pb=!1m18!1m12!1m3!1d2530.34309277409!2d3.054362015162757!3d50.63931898161974!2m3!1f0!2f0!3f0!3m2!1i1024!2i768!4f13.1!3m3!1m2!1s0x47c2d580aabfc2f7%3A0xb35e6c2ef66c9cc2!2s%C3%89glise%20catholique%20Sainte-Catherine%20au%20Vieux-Lille!5e0!3m2!1sfr!2sfr!4v1593437527777!5m2!1sfr!2sfr\" width=\"600\" height=\"450\" frameborder=\"0\" allowfullscreen=\"allowfullscreen\" aria-hidden=\"false\"><\/iframe><\/a><\/p>\n<\/div>\n\t<\/div>\n<\/div>\n\t<\/div>\n<\/div>\n\t<\/div>\n\t\t<\/div>\n\t<\/div>\n<\/div>\n<\/div>","protected":false},"excerpt":{"rendered":"<p>Le Vieux Lille, quartier historique de la ville, accueille certains de ses plus anciens et de ses plus remarquables b\u00e2timents. Parmi eux, l\u2019\u00e9glise Sainte-Catherine, \u00e9lev\u00e9e il y a plus de 500 ans, fait partie des t\u00e9moins incontournables de la longue histoire lilloise. L&rsquo;\u00e9glise Une paroisse ancienne Les premi\u00e8res traces d\u2019un lieu de culte chr\u00e9tien \u00e0 <a class=\"more-link\" href=\"https:\/\/lesamisdesclochersduvieuxlille.com\/index.php\/nos-eglises\/sainte-catherine\/\">Lire plus &#8230;<\/a><\/p>\n","protected":false},"author":1,"featured_media":210,"parent":37,"menu_order":0,"comment_status":"closed","ping_status":"closed","template":"","meta":[],"_links":{"self":[{"href":"https:\/\/lesamisdesclochersduvieuxlille.com\/index.php\/wp-json\/wp\/v2\/pages\/43"}],"collection":[{"href":"https:\/\/lesamisdesclochersduvieuxlille.com\/index.php\/wp-json\/wp\/v2\/pages"}],"about":[{"href":"https:\/\/lesamisdesclochersduvieuxlille.com\/index.php\/wp-json\/wp\/v2\/types\/page"}],"author":[{"embeddable":true,"href":"https:\/\/lesamisdesclochersduvieuxlille.com\/index.php\/wp-json\/wp\/v2\/users\/1"}],"replies":[{"embeddable":true,"href":"https:\/\/lesamisdesclochersduvieuxlille.com\/index.php\/wp-json\/wp\/v2\/comments?post=43"}],"version-history":[{"count":17,"href":"https:\/\/lesamisdesclochersduvieuxlille.com\/index.php\/wp-json\/wp\/v2\/pages\/43\/revisions"}],"predecessor-version":[{"id":687,"href":"https:\/\/lesamisdesclochersduvieuxlille.com\/index.php\/wp-json\/wp\/v2\/pages\/43\/revisions\/687"}],"up":[{"embeddable":true,"href":"https:\/\/lesamisdesclochersduvieuxlille.com\/index.php\/wp-json\/wp\/v2\/pages\/37"}],"wp:featuredmedia":[{"embeddable":true,"href":"https:\/\/lesamisdesclochersduvieuxlille.com\/index.php\/wp-json\/wp\/v2\/media\/210"}],"wp:attachment":[{"href":"https:\/\/lesamisdesclochersduvieuxlille.com\/index.php\/wp-json\/wp\/v2\/media?parent=43"}],"curies":[{"name":"wp","href":"https:\/\/api.w.org\/{rel}","templated":true}]}}