{"id":404,"date":"2019-10-27T17:42:16","date_gmt":"2019-10-27T16:42:16","guid":{"rendered":"http:\/\/lesamisdesclochersduvieuxlille.com\/?page_id=404"},"modified":"2020-06-16T10:19:18","modified_gmt":"2020-06-16T08:19:18","slug":"nos-mecenes","status":"publish","type":"page","link":"https:\/\/lesamisdesclochersduvieuxlille.com\/index.php\/nos-mecenes\/","title":{"rendered":"Soutenir"},"content":{"rendered":"<div class=\"fl-builder-content fl-builder-content-404\" data-post-id=\"404\"><div class=\"fl-row fl-row-fixed-width fl-row-bg-none fl-node-5edf454122663\" data-node=\"5edf454122663\">\n\t<div class=\"fl-row-content-wrap\">\n\t\t\t\t\t\t<div class=\"fl-row-content fl-row-fixed-width fl-node-content\">\n\t\t\n<div class=\"fl-col-group fl-node-5edf454123077\" data-node=\"5edf454123077\">\n\t\t\t<div class=\"fl-col fl-node-5edf454123157\" data-node=\"5edf454123157\">\n\t<div class=\"fl-col-content fl-node-content\">\n\t<div class=\"fl-module fl-module-rich-text fl-node-5edf454125203\" data-node=\"5edf454125203\">\n\t<div class=\"fl-module-content fl-node-content\">\n\t\t<div class=\"fl-rich-text\">\n\t<p>Il existe de nombreuses fa\u00e7ons de soutenir Les Amis des Clochers du Vieux-Lille et les projets mis en oeuvre par l'association. Que vous soyez <a href=\"http:\/\/lesamisdesclochersduvieuxlille.com\/index.php\/nos-mecenes\/nous-rejoindre\/\"><strong>un particulier<\/strong><\/a> ou <a href=\"http:\/\/lesamisdesclochersduvieuxlille.com\/index.php\/nos-mecenes\/partenariats\/\"><strong>une<\/strong> <strong>entreprise<\/strong><\/a>, que vous souhaitiez <strong>participer \u00e0 la vie associative<\/strong> ou simplement <strong>t\u00e9moigner de votre attachement au patrimoine<\/strong> des \u00e9glises Saint-Andr\u00e9 et Sainte-Catherine du Vieux-Lille, il existe toujours un moyen de nous soutenir.<\/p>\n<\/div>\n\t<\/div>\n<\/div>\n\t<\/div>\n<\/div>\n\t<\/div>\n\t\t<\/div>\n\t<\/div>\n<\/div>\n<\/div>","protected":false},"excerpt":{"rendered":"<p>Il existe de nombreuses fa\u00e7ons de soutenir Les Amis des Clochers du Vieux-Lille et les projets mis en oeuvre par l&rsquo;association. Que vous soyez un particulier ou une entreprise, que vous souhaitiez participer \u00e0 la vie associative ou simplement t\u00e9moigner de votre attachement au patrimoine des \u00e9glises Saint-Andr\u00e9 et Sainte-Catherine du Vieux-Lille, il existe toujours <a class=\"more-link\" href=\"https:\/\/lesamisdesclochersduvieuxlille.com\/index.php\/nos-mecenes\/\">Lire plus &#8230;<\/a><\/p>\n","protected":false},"author":1,"featured_media":0,"parent":0,"menu_order":0,"comment_status":"closed","ping_status":"closed","template":"","meta":[],"_links":{"self":[{"href":"https:\/\/lesamisdesclochersduvieuxlille.com\/index.php\/wp-json\/wp\/v2\/pages\/404"}],"collection":[{"href":"https:\/\/lesamisdesclochersduvieuxlille.com\/index.php\/wp-json\/wp\/v2\/pages"}],"about":[{"href":"https:\/\/lesamisdesclochersduvieuxlille.com\/index.php\/wp-json\/wp\/v2\/types\/page"}],"author":[{"embeddable":true,"href":"https:\/\/lesamisdesclochersduvieuxlille.com\/index.php\/wp-json\/wp\/v2\/users\/1"}],"replies":[{"embeddable":true,"href":"https:\/\/lesamisdesclochersduvieuxlille.com\/index.php\/wp-json\/wp\/v2\/comments?post=404"}],"version-history":[{"count":5,"href":"https:\/\/lesamisdesclochersduvieuxlille.com\/index.php\/wp-json\/wp\/v2\/pages\/404\/revisions"}],"predecessor-version":[{"id":597,"href":"https:\/\/lesamisdesclochersduvieuxlille.com\/index.php\/wp-json\/wp\/v2\/pages\/404\/revisions\/597"}],"wp:attachment":[{"href":"https:\/\/lesamisdesclochersduvieuxlille.com\/index.php\/wp-json\/wp\/v2\/media?parent=404"}],"curies":[{"name":"wp","href":"https:\/\/api.w.org\/{rel}","templated":true}]}}