{"id":40,"date":"2017-05-11T23:46:54","date_gmt":"2017-05-11T21:46:54","guid":{"rendered":"http:\/\/lesamisdesclochersduvieuxlille.com\/?page_id=40"},"modified":"2021-03-23T11:01:44","modified_gmt":"2021-03-23T10:01:44","slug":"saint-andre","status":"publish","type":"page","link":"https:\/\/lesamisdesclochersduvieuxlille.com\/index.php\/nos-eglises\/saint-andre\/","title":{"rendered":"Saint-Andr\u00e9 du Vieux-Lille"},"content":{"rendered":"<div class=\"fl-builder-content fl-builder-content-40\" data-post-id=\"40\"><div class=\"fl-row fl-row-fixed-width fl-row-bg-none fl-node-5ed8df6c8d642\" data-node=\"5ed8df6c8d642\">\n\t<div class=\"fl-row-content-wrap\">\n\t\t\t\t\t\t<div class=\"fl-row-content fl-row-fixed-width fl-node-content\">\n\t\t\n<div class=\"fl-col-group fl-node-5ed8df6c8dff7\" data-node=\"5ed8df6c8dff7\">\n\t\t\t<div class=\"fl-col fl-node-5ed8df6c8e0d5\" data-node=\"5ed8df6c8e0d5\">\n\t<div class=\"fl-col-content fl-node-content\">\n\t<div class=\"fl-module fl-module-rich-text fl-node-5ed8ee2ff0bc4\" data-node=\"5ed8ee2ff0bc4\">\n\t<div class=\"fl-module-content fl-node-content\">\n\t\t<div class=\"fl-rich-text\">\n\t<p><span style=\"font-size: 16px;\"><em>Arrivant dans la rue Royale depuis la Grand\u2019Place on aper\u00e7oit au loin un haut clocher blanc s\u2019\u00e9levant fi\u00e8rement au-dessus des b\u00e2timents voisins : c\u2019est celui de l\u2019\u00e9glise Saint-Andr\u00e9. R\u00e9alisation de l\u2019architecte <strong>Louis-Marie Cordonnier (1854-1940)<\/strong>, il est achev\u00e9 en 1887, venant cl\u00f4turer pr\u00e8s de deux si\u00e8cles de travaux et d\u2019agrandissements divers qui ont donn\u00e9 \u00e0 l\u2019\u00e9glise son aspect actuel.<\/em><\/span><\/p>\n<\/div>\n\t<\/div>\n<\/div>\n<div class=\"fl-module fl-module-rich-text fl-node-5ed8df6c902af\" data-node=\"5ed8df6c902af\">\n\t<div class=\"fl-module-content fl-node-content\">\n\t\t<div class=\"fl-rich-text\">\n\t<hr \/>\n<p><strong>L'\u00e9glise<\/strong><\/p>\n<div id=\"gtx-trans\" style=\"position: absolute; left: -5px; top: 37px;\">\n<div class=\"gtx-trans-icon\"><\/div>\n<\/div>\n<\/div>\n\t<\/div>\n<\/div>\n<div class=\"fl-module fl-module-rich-text fl-node-5ed8e2b0cef5a\" data-node=\"5ed8e2b0cef5a\">\n\t<div class=\"fl-module-content fl-node-content\">\n\t\t<div class=\"fl-rich-text\">\n\t<p><span style=\"font-size: 20px;\"><strong>Aux origines de l\u2019\u00e9glise<\/strong><\/span><\/p>\n<p>L\u2019histoire de l\u2019\u00e9glise Saint-Andr\u00e9 est \u00e9troitement li\u00e9e \u00e0 celle de la communaut\u00e9 des Carmes chauss\u00e9s. Ces derniers s\u2019installent \u00e0 Lille \u00e0 la fin du XVIIe si\u00e8cle sur les terres situ\u00e9es \u00e0 l\u2019angle des rues Princesse et Royale, c\u00e9d\u00e9es par <strong>S\u00e9bastien Le Prestre, marquis de Vauban (1633-1707)<\/strong>, mar\u00e9chal de France sous Louis XIV. C\u2019est l\u00e0 qu\u2019ils \u00e9l\u00e8vent une premi\u00e8re chapelle en 1676. La communaut\u00e9 gagne vite en importance et rach\u00e8te des parcelles aux alentours de sa propri\u00e9t\u00e9. En 1678 les Carmes peuvent b\u00e2tir une nouvelle chapelle plus grande donnant sur la rue Princesse. Mais l\u00e0 encore le lieu va s\u2019av\u00e9rer trop petit pour accueillir une foule de fid\u00e8les toujours plus nombreuse. Les Carmes d\u00e9cide alors de lancer le projet de l\u2019\u00e9rection d\u2019une \u00e9glise.<\/p>\n<\/div>\n\t<\/div>\n<\/div>\n<div class=\"fl-module fl-module-rich-text fl-node-5ed8e2f069af5\" data-node=\"5ed8e2f069af5\">\n\t<div class=\"fl-module-content fl-node-content\">\n\t\t<div class=\"fl-rich-text\">\n\t<p><strong>Les pr\u00e9mices d\u2019un projet<\/strong><\/p>\n<p>Le projet est confi\u00e9 \u00e0 l\u2019architecte <strong>Thomas-Joseph Gombert (1672-1724)<\/strong>. Les travaux d\u00e9butent en 1701 mais sont interrompus par la guerre de succession d\u2019Espagne (1701-1714). En effet, Lille subit un si\u00e8ge en 1708 et les premi\u00e8res fondations de la future \u00e9glise sont fragilis\u00e9es par les bombardements. Les travaux semblent pouvoir enfin reprendre en 1724 mais l\u2019architecte d\u00e9c\u00e8de et les fonds manquent d\u00e9sormais pour mener \u00e0 bien ce projet ambitieux. Ce n\u2019est finalement qu\u2019en 1753 que le chantier peut reprendre selon des plans revus par <strong>Thomas-Fran\u00e7ois-Joseph Gombert (1725-1801)<\/strong>, neveu de l\u2019architecte initial.<\/p>\n<\/div>\n\t<\/div>\n<\/div>\n<div class=\"fl-module fl-module-rich-text fl-node-5ed8e35684d8a\" data-node=\"5ed8e35684d8a\">\n\t<div class=\"fl-module-content fl-node-content\">\n\t\t<div class=\"fl-rich-text\">\n\t<p><strong>De Notre-Dame-du-Mont-Carmel \u00e0 Saint-Andr\u00e9<\/strong><\/p>\n<p>Le projet est plus modeste mais prend rapidement forme : <strong>le ch\u0153ur est achev\u00e9 en 1755, un premier clocher est \u00e9lev\u00e9 en 1756 et l\u2019int\u00e9rieur de l\u2019\u00e9glise est am\u00e9nag\u00e9 \u00e0 partir de 1757<\/strong>. L\u2019\u00e9glise est b\u00e9nie en janvier 1759 sous le nom de Notre-Dame-du-Mont-Carmel. Celle-ci devient l\u2019\u00e9glise de la paroisse de Saint-Andr\u00e9 en 1784, pour remplacer l\u2019\u00e9glise Saint-Andr\u00e9, alors situ\u00e9e \u00e0 quelques rues et d\u00e9saffect\u00e9e la m\u00eame ann\u00e9e. Survient alors la R\u00e9volution, qui a un impact particulier sur l\u2019\u00e9difice. Les Carmes sont d\u2019abord expuls\u00e9s en 1791 et en 1794 l\u2019\u00e9glise devient un magasin et une grange pour stocker la paille et le foin. <strong>Ce n\u2019est qu\u2019en 1796 que le lieu est rendu au culte sous son nouveau nom d\u2019\u00e9glise Saint-Andr\u00e9.<\/strong><\/p>\n<\/div>\n\t<\/div>\n<\/div>\n<div class=\"fl-module fl-module-rich-text fl-node-5ed8e3b3235a4\" data-node=\"5ed8e3b3235a4\">\n\t<div class=\"fl-module-content fl-node-content\">\n\t\t<div class=\"fl-rich-text\">\n\t<p><strong>L\u2019\u0153uvre du XIXe si\u00e8cle<\/strong><\/p>\n<p>Une nouvelle \u00e8re commence pour le b\u00e2timent. Il y a d\u2019abord \u00e9norm\u00e9ment \u00e0 faire car l\u2019int\u00e9rieur du b\u00e2timent a beaucoup souffert : tous les autels, si ce n\u2019est l\u2019<strong>autel de Saint Joseph<\/strong>, ont disparus, de m\u00eame que les boiseries, les tableaux, le pavement, l\u2019orgue ou encore le porche. Seule la <strong>chaire \u00e0 pr\u00eacher<\/strong>, cach\u00e9e sous la paille pendant la R\u00e9volution, t\u00e9moigne du mobilier d'avant 1789. De grands travaux de restauration sont lanc\u00e9s. Au cours du XIXe si\u00e8cle l\u2019\u00e9glise est aussi enrichie de <strong>vitraux (1847-1856)<\/strong>, \u0153uvre du ma\u00eetre-verrier <strong>Charles Gaudelet (1817-1870)<\/strong>, et <strong>ses vo\u00fbtes sont peintes en 1853<\/strong>. C\u2019est dans ce nouveau faste que le lieu accueillera le bapt\u00eame de certains des plus illustres Lillois, notamment le <strong>cardinal Li\u00e9nart<\/strong>, en 1884, et le <strong>g\u00e9n\u00e9ral de Gaulle<\/strong>, en 1890.<\/p>\n<p>En 1889, enfin, apr\u00e8s que le nouveau clocher ait \u00e9t\u00e9 \u00e9rig\u00e9 (1887) et que la fa\u00e7ade ait \u00e9t\u00e9 restaur\u00e9e et orn\u00e9e de deux nouvelles statues, l\u2019\u00e9glise adopte l\u2019apparence que les Lillois lui connaissent d\u00e9sormais, t\u00e9moignage d\u2019une histoire riche, reconnue par un <strong>classement au titre des Monuments historiques en 1949<\/strong>.<\/p>\n<p>&nbsp;<\/p>\n<p><div id=\"attachment_664\" style=\"width: 266px\" class=\"wp-caption aligncenter\"><img loading=\"lazy\" aria-describedby=\"caption-attachment-664\" class=\" wp-image-664\" src=\"http:\/\/lesamisdesclochersduvieuxlille.com\/wp-content\/uploads\/2020\/06\/B593506101_lefebvre_11_pag30car062.jpg\" alt=\"\" width=\"256\" height=\"388\" srcset=\"https:\/\/lesamisdesclochersduvieuxlille.com\/wp-content\/uploads\/2020\/06\/B593506101_lefebvre_11_pag30car062.jpg 1128w, https:\/\/lesamisdesclochersduvieuxlille.com\/wp-content\/uploads\/2020\/06\/B593506101_lefebvre_11_pag30car062-198x300.jpg 198w, https:\/\/lesamisdesclochersduvieuxlille.com\/wp-content\/uploads\/2020\/06\/B593506101_lefebvre_11_pag30car062-676x1024.jpg 676w, https:\/\/lesamisdesclochersduvieuxlille.com\/wp-content\/uploads\/2020\/06\/B593506101_lefebvre_11_pag30car062-768x1164.jpg 768w, https:\/\/lesamisdesclochersduvieuxlille.com\/wp-content\/uploads\/2020\/06\/B593506101_lefebvre_11_pag30car062-1014x1536.jpg 1014w\" sizes=\"(max-width: 256px) 100vw, 256px\" \/><p id=\"caption-attachment-664\" class=\"wp-caption-text\">Vue de l'\u00e9glise depuis la rue Royale (<em>circa<\/em> 1900). \u00a9 Biblioth\u00e8que municipale de Lille.<\/p><\/div><\/p>\n<\/div>\n\t<\/div>\n<\/div>\n<div class=\"fl-module fl-module-rich-text fl-node-5ed8e434ea9ef\" data-node=\"5ed8e434ea9ef\">\n\t<div class=\"fl-module-content fl-node-content\">\n\t\t<div class=\"fl-rich-text\">\n\t<hr \/>\n<p><strong>Parmi les \u00e9l\u00e9ments remarquables<\/strong><\/p>\n<div id=\"gtx-trans\" style=\"position: absolute; left: -22px; top: -13px;\">\n<div class=\"gtx-trans-icon\"><\/div>\n<\/div>\n<\/div>\n\t<\/div>\n<\/div>\n<div class=\"fl-module fl-module-rich-text fl-node-5ed8e4567d364\" data-node=\"5ed8e4567d364\">\n\t<div class=\"fl-module-content fl-node-content\">\n\t\t<div class=\"fl-rich-text\">\n\t<ul>\n<li><strong><em>La Vierge remettant le scapulaire, insigne du Carmel \u00e0 Saint Simon-Stock<\/em> (1675-1679)<\/strong>, Jacques Van Oost (1639-1713). Huile sur toile.<\/li>\n<\/ul>\n<p style=\"text-align: left;\">Cette peinture a travers\u00e9 l\u2019histoire de l\u2019\u00e9glise puisqu\u2019elle a \u00e9t\u00e9 r\u00e9alis\u00e9e au XVIIe si\u00e8cle pour la chapelle des Carmes. Elle est, par ailleurs, typique de l\u2019art de la Contre-R\u00e9forme.<\/p>\n<p>&nbsp;<\/p>\n<p><img loading=\"lazy\" class=\"aligncenter wp-image-477 \" src=\"http:\/\/lesamisdesclochersduvieuxlille.com\/wp-content\/uploads\/2020\/06\/Lille_st_andre_van_oost_st_simon-244x300.jpg\" alt=\"\" width=\"246\" height=\"302\" srcset=\"https:\/\/lesamisdesclochersduvieuxlille.com\/wp-content\/uploads\/2020\/06\/Lille_st_andre_van_oost_st_simon-244x300.jpg 244w, https:\/\/lesamisdesclochersduvieuxlille.com\/wp-content\/uploads\/2020\/06\/Lille_st_andre_van_oost_st_simon-831x1024.jpg 831w, https:\/\/lesamisdesclochersduvieuxlille.com\/wp-content\/uploads\/2020\/06\/Lille_st_andre_van_oost_st_simon-768x946.jpg 768w, https:\/\/lesamisdesclochersduvieuxlille.com\/wp-content\/uploads\/2020\/06\/Lille_st_andre_van_oost_st_simon.jpg 1066w\" sizes=\"(max-width: 246px) 100vw, 246px\" \/><\/p>\n<p>&nbsp;<\/p>\n<ul>\n<li><strong>Chaire \u00e0 pr\u00eacher (1768)<\/strong>, Jean-Baptiste Danezan (1733-1801). Bois sculpt\u00e9.<\/li>\n<\/ul>\n<p>La chaire \u00e0 pr\u00eacher est l\u2019un des premiers \u00e9l\u00e9ments qui frappe le regard en entrant dans l\u2019\u00e9glise. Elle est aussi l\u2019un des plus beaux et anciens \u00e9l\u00e9ments de mobilier de l\u2019\u00e9glise. On aper\u00e7oit sur l\u2019abat-voix l\u2019ange de la V\u00e9rit\u00e9 d\u00e9voilant les vertus th\u00e9ologales repr\u00e9sent\u00e9es sur la cuve : la Foi (Croix), l\u2019Esp\u00e9rance (ancre) et la Charit\u00e9 (enfants).<\/p>\n<p>&nbsp;<\/p>\n<p><img loading=\"lazy\" class=\"wp-image-603 aligncenter\" src=\"http:\/\/lesamisdesclochersduvieuxlille.com\/wp-content\/uploads\/2020\/06\/SA-A5-2-250.jpg\" alt=\"\" width=\"425\" height=\"300\" srcset=\"https:\/\/lesamisdesclochersduvieuxlille.com\/wp-content\/uploads\/2020\/06\/SA-A5-2-250.jpg 2067w, https:\/\/lesamisdesclochersduvieuxlille.com\/wp-content\/uploads\/2020\/06\/SA-A5-2-250-300x211.jpg 300w, https:\/\/lesamisdesclochersduvieuxlille.com\/wp-content\/uploads\/2020\/06\/SA-A5-2-250-1024x722.jpg 1024w, https:\/\/lesamisdesclochersduvieuxlille.com\/wp-content\/uploads\/2020\/06\/SA-A5-2-250-768x541.jpg 768w, https:\/\/lesamisdesclochersduvieuxlille.com\/wp-content\/uploads\/2020\/06\/SA-A5-2-250-1536x1083.jpg 1536w, https:\/\/lesamisdesclochersduvieuxlille.com\/wp-content\/uploads\/2020\/06\/SA-A5-2-250-2048x1444.jpg 2048w\" sizes=\"(max-width: 425px) 100vw, 425px\" \/><\/p>\n<p>&nbsp;<\/p>\n<p><a href=\"http:\/\/lesamisdesclochersduvieuxlille.com\/wp-content\/uploads\/2020\/12\/depliant-visite-st-Andre.pdf\"><em><strong>Plus d'informations sur le guide de visite disponible ici !<\/strong><\/em><\/a><\/p>\n<\/div>\n\t<\/div>\n<\/div>\n<div class=\"fl-module fl-module-rich-text fl-node-5ede522f90c58\" data-node=\"5ede522f90c58\">\n\t<div class=\"fl-module-content fl-node-content\">\n\t\t<div class=\"fl-rich-text\">\n\t<hr \/>\n<p><strong>Autour de Saint-Andr\u00e9<\/strong><\/p>\n<div id=\"gtx-trans\" style=\"position: absolute; left: -6px; top: -13px;\">\n<div class=\"gtx-trans-icon\"><\/div>\n<\/div>\n<\/div>\n\t<\/div>\n<\/div>\n<div class=\"fl-module fl-module-rich-text fl-node-5ed8e9018cbed\" data-node=\"5ed8e9018cbed\">\n\t<div class=\"fl-module-content fl-node-content\">\n\t\t<div class=\"fl-rich-text\">\n\t<p>Le clocher de l\u2019\u00e9glise Saint-Andr\u00e9 est une vue iconique de la rue Royale, qui dessert l\u2019\u00e9glise et un bon nombre de b\u00e2timents remarquables de Lille. Art\u00e8re principale du d\u00e9veloppement de la ville au lendemain de la conqu\u00eate fran\u00e7aise \u00e0 la fin du XVIIe si\u00e8cle, la rue Royale va voir s\u2019\u00e9lever de nombreux h\u00f4tels particuliers encore visibles aujourd\u2019hui. On citera par exemple l\u2019h\u00f4tel de Wambrechies, d\u00e9sormais si\u00e8ge de l\u2019archev\u00each\u00e9 de Lille, \u00e0 mi-chemin entre les \u00e9glises Sainte-Catherine et Saint-Andr\u00e9.<\/p>\n<p>Autour de l\u2019\u00e9glise vous trouverez aussi quelques sites embl\u00e9matiques. Fl\u00e2nez dans le parc de la Citadelle, \u00e0 seulement quelques centaines de m\u00e8tres. Au d\u00e9tour de la rue Princesse, qui jouxte l\u2019\u00e9glise, partez \u00e0 la d\u00e9couverte de la jeunesse de l\u2019un des plus illustres Lillois, Charles de Gaulle, dont la maison natale se trouve \u00e0 seulement 350 m\u00e8tres. Perdez-vous enfin dans les rues qui entourent l\u2019\u00e9glise et impr\u00e9gnez vous de l\u2019atmosph\u00e8re du quartier historique du Vieux-Lille.<\/p>\n<p><em><strong>Le quartier du Vieux Lille, qui accueille l\u2019\u00e9glise Saint-Andr\u00e9, rec\u00e8le de lieux \u00e0 d\u00e9couvrir. Poursuivez donc votre visite en vous rendant \u00e0 l\u2019\u00e9glise Sainte-Catherine ou en parcourant le quartier muni du <a href=\"http:\/\/lesamisdesclochersduvieuxlille.com\/wp-content\/uploads\/2020\/06\/ACVL-BALADE-AUTOUR-DES-CLOCHERS...pdf\">guide \u00ab Balade culturelle autour des clochers du Vieux-Lille \u00bb, disponible en version num\u00e9rique !<\/a><\/strong><\/em><\/p>\n<\/div>\n\t<\/div>\n<\/div>\n\t<\/div>\n<\/div>\n\t<\/div>\n\t\t<\/div>\n\t<\/div>\n<\/div>\n<div class=\"fl-row fl-row-fixed-width fl-row-bg-none fl-node-5ede5294d4c0e\" data-node=\"5ede5294d4c0e\">\n\t<div class=\"fl-row-content-wrap\">\n\t\t\t\t\t\t<div class=\"fl-row-content fl-row-fixed-width fl-node-content\">\n\t\t\n<div class=\"fl-col-group fl-node-5ede5294d4d89\" data-node=\"5ede5294d4d89\">\n\t\t\t<div class=\"fl-col fl-node-5ede5294d4dc3\" data-node=\"5ede5294d4dc3\">\n\t<div class=\"fl-col-content fl-node-content\">\n\t<div class=\"fl-module fl-module-rich-text fl-node-5ede5294d5097\" data-node=\"5ede5294d5097\">\n\t<div class=\"fl-module-content fl-node-content\">\n\t\t<div class=\"fl-rich-text\">\n\t<h2 style=\"text-align: left;\"><span style=\"color: #e2001a;\"><strong>Informations pratiques<\/strong><\/span><\/h2>\n<p>&nbsp;<\/p>\n<ul>\n<li><strong>Accueil et m\u00e9diation\u00a0 <\/strong><em>E<\/em><em>n pr\u00e9sence d'un m\u00e9diateur culturel<\/em>\n<ul>\n<li><strong>Pendant l'ann\u00e9e (hors vacances scolaires)<\/strong>\u00a0 Les samedis et jours f\u00e9ri\u00e9s (sauf 25\/12 et 01\/01) de 13h30 \u00e0 17h30<\/li>\n<li><strong>Vacances scolaires<\/strong>\u00a0 Du mercredi au samedi de 13h30 \u00e0 17h30<\/li>\n<\/ul>\n<\/li>\n<\/ul>\n<ul>\n<li><strong>Visites guid\u00e9es<\/strong> Des visites guid\u00e9es men\u00e9es par des guides-conf\u00e9renciers sont r\u00e9guli\u00e8rement organis\u00e9es par l'Office de tourisme de Lille. <a href=\"https:\/\/www.lilletourism.com\/l-eglise-saint-andre.html\">Plus d'informations ici<\/a><\/li>\n<\/ul>\n<p>&nbsp;<\/p>\n<ul>\n<li><b>Accessibilit\u00e9 \u00a0<\/b><em>L'acc\u00e8s \u00e0 l'\u00e9glise se fait par un escalier<\/em><\/li>\n<\/ul>\n<p>&nbsp;<\/p>\n<p style=\"text-align: center;\"><a href=\"http:\/\/iframe%20src=https:\/\/www.google.com\/maps\/embed?pb=!1m18!1m12!1m3!1d2530.044979769667!2d3.0520343151630023!3d50.64485578121975!2m3!1f0!2f0!3f0!3m2!1i1024!2i768!4f13.1!3m3!1m2!1s0x47c32a7dd12e5e53%3A0xca0b8f6218ce10f9!2s%C3%89glise%20catholique%20Saint-Andr%C3%A9%20%C3%A0%20Lille!5e0!3m2!1sfr!2sfr!4v1593435413580!5m2!1sfr!2sfr%20width=600%20height=450%20frameborder=0%20style=border:0;%20allowfullscreen=%20aria-hidden=false%20tabindex=0\/iframe\"><iframe loading=\"lazy\" style=\"border: 0;\" tabindex=\"0\" src=\"https:\/\/www.google.com\/maps\/embed?pb=!1m18!1m12!1m3!1d2530.044979769667!2d3.0520343151630023!3d50.64485578121975!2m3!1f0!2f0!3f0!3m2!1i1024!2i768!4f13.1!3m3!1m2!1s0x47c32a7dd12e5e53%3A0xca0b8f6218ce10f9!2s%C3%89glise%20catholique%20Saint-Andr%C3%A9%20%C3%A0%20Lille!5e0!3m2!1sfr!2sfr!4v1593435413580!5m2!1sfr!2sfr\" width=\"600\" height=\"450\" frameborder=\"0\" allowfullscreen=\"allowfullscreen\" aria-hidden=\"false\"><\/iframe><\/a><\/p>\n<div id=\"gtx-trans\" style=\"position: absolute; left: -2px; top: 367.813px;\">\n<div class=\"gtx-trans-icon\"><\/div>\n<\/div>\n<\/div>\n\t<\/div>\n<\/div>\n\t<\/div>\n<\/div>\n\t<\/div>\n\t\t<\/div>\n\t<\/div>\n<\/div>\n<\/div>","protected":false},"excerpt":{"rendered":"<p>Arrivant dans la rue Royale depuis la Grand\u2019Place on aper\u00e7oit au loin un haut clocher blanc s\u2019\u00e9levant fi\u00e8rement au-dessus des b\u00e2timents voisins : c\u2019est celui de l\u2019\u00e9glise Saint-Andr\u00e9. R\u00e9alisation de l\u2019architecte Louis-Marie Cordonnier (1854-1940), il est achev\u00e9 en 1887, venant cl\u00f4turer pr\u00e8s de deux si\u00e8cles de travaux et d\u2019agrandissements divers qui ont donn\u00e9 \u00e0 l\u2019\u00e9glise <a class=\"more-link\" href=\"https:\/\/lesamisdesclochersduvieuxlille.com\/index.php\/nos-eglises\/saint-andre\/\">Lire plus &#8230;<\/a><\/p>\n","protected":false},"author":1,"featured_media":622,"parent":37,"menu_order":0,"comment_status":"closed","ping_status":"closed","template":"","meta":[],"_links":{"self":[{"href":"https:\/\/lesamisdesclochersduvieuxlille.com\/index.php\/wp-json\/wp\/v2\/pages\/40"}],"collection":[{"href":"https:\/\/lesamisdesclochersduvieuxlille.com\/index.php\/wp-json\/wp\/v2\/pages"}],"about":[{"href":"https:\/\/lesamisdesclochersduvieuxlille.com\/index.php\/wp-json\/wp\/v2\/types\/page"}],"author":[{"embeddable":true,"href":"https:\/\/lesamisdesclochersduvieuxlille.com\/index.php\/wp-json\/wp\/v2\/users\/1"}],"replies":[{"embeddable":true,"href":"https:\/\/lesamisdesclochersduvieuxlille.com\/index.php\/wp-json\/wp\/v2\/comments?post=40"}],"version-history":[{"count":28,"href":"https:\/\/lesamisdesclochersduvieuxlille.com\/index.php\/wp-json\/wp\/v2\/pages\/40\/revisions"}],"predecessor-version":[{"id":727,"href":"https:\/\/lesamisdesclochersduvieuxlille.com\/index.php\/wp-json\/wp\/v2\/pages\/40\/revisions\/727"}],"up":[{"embeddable":true,"href":"https:\/\/lesamisdesclochersduvieuxlille.com\/index.php\/wp-json\/wp\/v2\/pages\/37"}],"wp:featuredmedia":[{"embeddable":true,"href":"https:\/\/lesamisdesclochersduvieuxlille.com\/index.php\/wp-json\/wp\/v2\/media\/622"}],"wp:attachment":[{"href":"https:\/\/lesamisdesclochersduvieuxlille.com\/index.php\/wp-json\/wp\/v2\/media?parent=40"}],"curies":[{"name":"wp","href":"https:\/\/api.w.org\/{rel}","templated":true}]}}