{"id":33,"date":"2017-05-11T23:43:12","date_gmt":"2017-05-11T21:43:12","guid":{"rendered":"http:\/\/lesamisdesclochersduvieuxlille.com\/?page_id=33"},"modified":"2020-10-21T10:02:49","modified_gmt":"2020-10-21T08:02:49","slug":"nos-actions","status":"publish","type":"page","link":"https:\/\/lesamisdesclochersduvieuxlille.com\/index.php\/nos-actions\/","title":{"rendered":"Nos actions"},"content":{"rendered":"<div class=\"fl-builder-content fl-builder-content-33\" data-post-id=\"33\"><div class=\"fl-row fl-row-fixed-width fl-row-bg-none fl-node-592202010cf0d\" data-node=\"592202010cf0d\">\n\t<div class=\"fl-row-content-wrap\">\n\t\t\t\t\t\t<div class=\"fl-row-content fl-row-fixed-width fl-node-content\">\n\t\t\n<div class=\"fl-col-group fl-node-592202010f002\" data-node=\"592202010f002\">\n\t\t\t<div class=\"fl-col fl-node-592202010f0a2\" data-node=\"592202010f0a2\">\n\t<div class=\"fl-col-content fl-node-content\">\n\t<div class=\"fl-module fl-module-rich-text fl-node-5922020112c32\" data-node=\"5922020112c32\">\n\t<div class=\"fl-module-content fl-node-content\">\n\t\t<div class=\"fl-rich-text\">\n\t<p><em>En 2020, l\u2019association <strong>Les Amis des Clochers du Vieux Lille<\/strong> travaille activement sur plusieurs projets, en accord avec ses principes.<\/em><\/p>\n<\/div>\n\t<\/div>\n<\/div>\n<div class=\"fl-module fl-module-rich-text fl-node-5ed9f7b568889\" data-node=\"5ed9f7b568889\">\n\t<div class=\"fl-module-content fl-node-content\">\n\t\t<div class=\"fl-rich-text\">\n\t<hr \/>\n<p><strong>Animer<\/strong><\/p>\n<\/div>\n\t<\/div>\n<\/div>\n<div class=\"fl-module fl-module-rich-text fl-node-5ed9f7f8c5dc3\" data-node=\"5ed9f7f8c5dc3\">\n\t<div class=\"fl-module-content fl-node-content\">\n\t\t<div class=\"fl-rich-text\">\n\t<ul>\n<li><strong>Accueil des visiteurs<\/strong> tout au long de l\u2019ann\u00e9e dans les 2 \u00e9glises en pr\u00e9sence de m\u00e9diateurs culturels salari\u00e9s \u00e0 la vacation par l\u2019association.<\/li>\n<\/ul>\n<p>&nbsp;<\/p>\n<ul>\n<li><strong>Soutien aux concerts<\/strong><\/li>\n<\/ul>\n<ul>\n<li style=\"list-style-type: none;\">\n<ul>\n<li><strong><em>Programmation 2019<\/em><\/strong>\n<ul>\n<li>Jeudi 25 avril 2019 - Concert de l'Orchestre Universitaire de Lille ;<\/li>\n<li>Dimanche 5 mai 2019 - Concert de La <em>West London Sinfonia<\/em>, au profit de l\u2019association Migraction59 (concert caritatif pour le g\u00eete et le couvert un week-end aux migrants bloqu\u00e9s \u00e0 Calais) ;<\/li>\n<li>Samedi 25 mai 2019 - Concert Corse (Sainte-Catherine) ;<\/li>\n<li>Dimanche 23 juin 2019 - Concert \u00ab Le pr\u00eatre roux \u00bb - Chambre \u00e0 part (Sainte-Catherine) ;<\/li>\n<li>Jeudi 27 juin 2019 - Concert \u00ab La Nuit de Sainte-Catherine \u00bb (4e \u00e9dition) au profit des d\u00e9munis de la r\u00e9gion, organis\u00e9e conjointement par le Rotary Club de Lille, le Club 41 de Lambersart, la Fondation Jeannine Manuel et Les Amis des Clochers du Vieux-Lille. Sous la pr\u00e9sidence d\u2019honneur de Jean-Claude CASADESUS. Avec la participation du pianiste Nicolas KR\u00dcGER, \u00e0 la direction artistique et au piano ; de la mezzo-soprano St\u00e9phanie D\u2019OUSTRAK et la chorale d\u2019enfants de l\u2019\u00c9cole Jeannine Manuel Lille, au chant ; et de l\u2019artiste graffeur new-yorkais JONONE ;\n<ul>\n<li><a href=\"http:\/\/www.andresoleau.com\/2019\/06\/concert-de-l-eglise-sainte-catherine-a-lille-lorsque-le-sublime-s-invite-au-spectacle.html?fbclid=IwAR1hwVJbTb5udgdrTdQimwF-USegdu6Tc5Krtw97jJU_qeyAQrYixEgxlQg\"><em>ils en ont parl\u00e9<\/em><\/a><\/li>\n<\/ul>\n<\/li>\n<li>Dimanche 30 juin 2019 - Concert \u00ab On coulisse \u00bb - Chambre \u00e0 part (Saint-Andr\u00e9).<\/li>\n<\/ul>\n<\/li>\n<\/ul>\n<\/li>\n<\/ul>\n<p>&nbsp;<\/p>\n<ul>\n<li style=\"list-style-type: none;\">\n<ul>\n<li><em><em><strong>Programmation 2020 <\/strong><\/em><\/em><span style=\"color: #ff0000;\">[<em>Du fait de la crise sanitaire due au COVID-19, l\u2019ensemble de la programmation 2020 est report\u00e9e : la cinqui\u00e8me \u00e9dition de l\u2019exposition\/concert \u00ab La Nuit de Sainte-Catherine \u00bb organis\u00e9 conjointement par le Rotary de Lille, le Club 41 de Lambersart et l\u2019ACVL - sous la Pr\u00e9sidence d\u2019honneur de Jean-Claude Casadesus - sera report\u00e9e d\u2019un an, tout comme le concert de l\u2019Ensemble Vocal de l\u2019Amicale <\/em>E Voce Di L\u2019Amicizia<em>. Bien entendu, nous ferons para\u00eetre la nouvelle programmation d\u00e8s que celle-ci sera cadr\u00e9e avec les diff\u00e9rents intervenants.<\/em>]<\/span><\/li>\n<\/ul>\n<\/li>\n<\/ul>\n<ul>\n<li style=\"list-style-type: none;\">\n<ul>\n<li style=\"list-style-type: none;\">\n<ul>\n<li>Jeudi 5 mars 2020 - Concert de l'Orchestre Universitaire de Lille ;<\/li>\n<li>Jeudi 4 juin 2020 - Exposition\/concert \u00ab La Nuit de Sainte-Catherine \u00bb (5e \u00e9dition), organis\u00e9e conjointement par le Rotary<br \/>\nClub de Lille, le Club 41 de Lambersart et Les Amis des Clochers du Vieux-Lille. Sous la pr\u00e9sidence d'honneur de\u00a0Jean-Claude<br \/>\nCASADESUS. Avec la participation des mezzo-sopranos Karine DESHAYES et Delphine HAIDAN, au chant ;\u00a0 et du pianiste Dominique PLANCADE, au piano ; <strong>- REPORT AU 24 JUIN 2021 -<\/strong><\/li>\n<li>Dimanche 21 juin - Concert de l\u2019Ensemble Vocal de l\u2019Amicale <em>E Voce Di L\u2019Amicizia<\/em> dans le cadre de la f\u00eate de la musique (Sainte-Catherine). <strong><strong>- REPORT \u00c0 2021 -<\/strong><\/strong><\/li>\n<\/ul>\n<\/li>\n<\/ul>\n<\/li>\n<\/ul>\n<\/div>\n\t<\/div>\n<\/div>\n<div class=\"fl-module fl-module-rich-text fl-node-5eda0cc3a1c93\" data-node=\"5eda0cc3a1c93\">\n\t<div class=\"fl-module-content fl-node-content\">\n\t\t<div class=\"fl-rich-text\">\n\t<hr \/>\n<p><strong>Faire conna\u00eetre<\/strong><\/p>\n<div id=\"gtx-trans\" style=\"position: absolute; left: -30px; top: 37px;\">\n<div class=\"gtx-trans-icon\"><\/div>\n<\/div>\n<\/div>\n\t<\/div>\n<\/div>\n<div class=\"fl-module fl-module-rich-text fl-node-5eda0d28df568\" data-node=\"5eda0d28df568\">\n\t<div class=\"fl-module-content fl-node-content\">\n\t\t<div class=\"fl-rich-text\">\n\t\n<li><strong>\u00c9dition de guides<\/strong>\n<ul>\n<li style=\"list-style-type: none;\">\n<ul>\n<li><a href=\"http:\/\/lesamisdesclochersduvieuxlille.com\/wp-content\/uploads\/2020\/06\/ACVL-BALADE-AUTOUR-DES-CLOCHERS...pdf\">\"Balade culturelle autour des clochers du Vieux-Lille\"<\/a> ;<\/li>\n<li><a href=\"http:\/\/lesamisdesclochersduvieuxlille.com\/wp-content\/uploads\/2020\/10\/depliant-ste-Catherine.pdf\">\"Sainte-Catherine de Lille. Cinq si\u00e8cles d'histoire\" <\/a> ;\n<li><a href=\"http:\/\/lesamisdesclochersduvieuxlille.com\/wp-content\/uploads\/2020\/10\/depliant-st-Andre.pdf\">\"Saint-Andr\u00e9 de Lille. L'\u00e9glise au clocher blanc\"<\/a>.\n<\/ul>\n<\/li>\n<\/ul>\n<p>&nbsp;<\/p>\n<ul>\n<li><strong>Organisation d'\u00e9v\u00e8nements<\/strong>\n<ul>\n<li>Participation \u00e0 l'organisation de la 5e \u00e9dition de la <em>Nuit de Sainte-Catherine<\/em> ; <strong>- REPORT \u00c0 JUIN 2021 -\u00a0<\/strong><\/li>\n<li>Organisation de la 10e \u00e9dition de la <em>Nuit des \u00e9glises<\/em> ; <strong>- REPORT \u00c0 JUIN 2021 -\u00a0<\/strong><\/li>\n<li>Organisation de la 37e \u00e9dition des\u00a0<em>Journ\u00e9es europ\u00e9ennes du patrimoine :\u00a0<\/em>19 et 20 septembre 2020 ;<\/li>\n<\/ul>\n<\/li>\n<\/ul>\n<p>&nbsp;<\/p>\n<ul>\n<li><strong>Programmation de visites guid\u00e9es<\/strong>\n<ul>\n<li>Depuis f\u00e9vrier 2020, en parall\u00e8le des permanences assur\u00e9es par les m\u00e9diateurs culturels de l'association, organisation de <strong>visites guid\u00e9es de l'\u00e9glise Saint-Andr\u00e9<\/strong> par le service Ville d'art et d'histoire et l'Office de tourisme de Lille\u00a0\u00a0<em><a href=\"https:\/\/www.lilletourism.com\/site-et-monument-historiques-lille\/saint-andre.html\"><strong>+d'infos et r\u00e9servations ici<\/strong><\/a><\/em><\/li>\n<\/ul>\n<\/li>\n<\/ul>\n<\/div>\n\t<\/div>\n<\/div>\n<div class=\"fl-module fl-module-rich-text fl-node-5eda12ed8753d\" data-node=\"5eda12ed8753d\">\n\t<div class=\"fl-module-content fl-node-content\">\n\t\t<div class=\"fl-rich-text\">\n\t<hr \/>\n<p><strong>Valoriser<\/strong><\/p>\n<div id=\"gtx-trans\" style=\"position: absolute; left: -11px; top: 37px;\">\n<div class=\"gtx-trans-icon\"><\/div>\n<\/div>\n<\/div>\n\t<\/div>\n<\/div>\n<div class=\"fl-module fl-module-rich-text fl-node-5eda1360920f7\" data-node=\"5eda1360920f7\">\n\t<div class=\"fl-module-content fl-node-content\">\n\t\t<div class=\"fl-rich-text\">\n\t<ul>\n<li>Participation \u00e0 la<strong> r\u00e9fection de la tour-clocher de l\u2019\u00e9glise Saint-Andr\u00e9<\/strong> ;<\/li>\n<li>Participation \u00e0 la <strong>mise en lumi\u00e8re de la tour-clocher et du chevet de l\u2019\u00e9glise Sainte-Catherine<\/strong> ;<\/li>\n<li>Lancement de l<strong>'inventaire du patrimoine des \u00e9glises Saint-Andr\u00e9 et Sainte-Catherine<\/strong> men\u00e9 par la Commission dioc\u00e9saine d\u2019art sacr\u00e9 de Lille ;<\/li>\n<li>Organisation de l\u2019<strong>exposition <\/strong><em><strong><a href=\"http:\/\/lesamisdesclochersduvieuxlille.com\/index.php\/tresor-revele-2\/\">Tr\u00e9sor R\u00e9v\u00e9l\u00e9. Processions et grandes f\u00eates \u00e0 Lille<\/a><\/strong>. <\/em><strong>- REPORT \u00c0 JUIN 2021 -<\/strong><\/li>\n<\/ul>\n<\/div>\n\t<\/div>\n<\/div>\n\t<\/div>\n<\/div>\n\t<\/div>\n\t\t<\/div>\n\t<\/div>\n<\/div>\n<\/div>","protected":false},"excerpt":{"rendered":"<p>En 2020, l\u2019association Les Amis des Clochers du Vieux Lille travaille activement sur plusieurs projets, en accord avec ses principes. Animer Accueil des visiteurs tout au long de l\u2019ann\u00e9e dans les 2 \u00e9glises en pr\u00e9sence de m\u00e9diateurs culturels salari\u00e9s \u00e0 la vacation par l\u2019association. &nbsp; Soutien aux concerts Programmation 2019 Jeudi 25 avril 2019 &#8211; <a class=\"more-link\" href=\"https:\/\/lesamisdesclochersduvieuxlille.com\/index.php\/nos-actions\/\">Lire plus &#8230;<\/a><\/p>\n","protected":false},"author":1,"featured_media":610,"parent":0,"menu_order":0,"comment_status":"closed","ping_status":"closed","template":"","meta":[],"_links":{"self":[{"href":"https:\/\/lesamisdesclochersduvieuxlille.com\/index.php\/wp-json\/wp\/v2\/pages\/33"}],"collection":[{"href":"https:\/\/lesamisdesclochersduvieuxlille.com\/index.php\/wp-json\/wp\/v2\/pages"}],"about":[{"href":"https:\/\/lesamisdesclochersduvieuxlille.com\/index.php\/wp-json\/wp\/v2\/types\/page"}],"author":[{"embeddable":true,"href":"https:\/\/lesamisdesclochersduvieuxlille.com\/index.php\/wp-json\/wp\/v2\/users\/1"}],"replies":[{"embeddable":true,"href":"https:\/\/lesamisdesclochersduvieuxlille.com\/index.php\/wp-json\/wp\/v2\/comments?post=33"}],"version-history":[{"count":16,"href":"https:\/\/lesamisdesclochersduvieuxlille.com\/index.php\/wp-json\/wp\/v2\/pages\/33\/revisions"}],"predecessor-version":[{"id":683,"href":"https:\/\/lesamisdesclochersduvieuxlille.com\/index.php\/wp-json\/wp\/v2\/pages\/33\/revisions\/683"}],"wp:featuredmedia":[{"embeddable":true,"href":"https:\/\/lesamisdesclochersduvieuxlille.com\/index.php\/wp-json\/wp\/v2\/media\/610"}],"wp:attachment":[{"href":"https:\/\/lesamisdesclochersduvieuxlille.com\/index.php\/wp-json\/wp\/v2\/media?parent=33"}],"curies":[{"name":"wp","href":"https:\/\/api.w.org\/{rel}","templated":true}]}}