{"id":2,"date":"2017-05-05T14:51:43","date_gmt":"2017-05-05T12:51:43","guid":{"rendered":"http:\/\/lesamisdesclochersduvieuxlille.com\/?page_id=2"},"modified":"2020-06-29T16:54:56","modified_gmt":"2020-06-29T14:54:56","slug":"page-d-exemple","status":"publish","type":"page","link":"https:\/\/lesamisdesclochersduvieuxlille.com\/index.php\/page-d-exemple\/","title":{"rendered":"L&rsquo;association"},"content":{"rendered":"<div class=\"fl-builder-content fl-builder-content-2\" data-post-id=\"2\"><div class=\"fl-row fl-row-fixed-width fl-row-bg-none fl-node-5ed8ace4e6637\" data-node=\"5ed8ace4e6637\">\n\t<div class=\"fl-row-content-wrap\">\n\t\t\t\t\t\t<div class=\"fl-row-content fl-row-fixed-width fl-node-content\">\n\t\t\n<div class=\"fl-col-group fl-node-5ed8ace4e6cee\" data-node=\"5ed8ace4e6cee\">\n\t\t\t<div class=\"fl-col fl-node-5ed8ace4e6dcc\" data-node=\"5ed8ace4e6dcc\">\n\t<div class=\"fl-col-content fl-node-content\">\n\t<div class=\"fl-module fl-module-rich-text fl-node-5ed8ace4e88c7\" data-node=\"5ed8ace4e88c7\">\n\t<div class=\"fl-module-content fl-node-content\">\n\t\t<div class=\"fl-rich-text\">\n\t<div class=\"wp-block-group\">\n<div class=\"wp-block-group__inner-container\">\n<p><strong>A propos de nous<\/strong><\/p>\n<\/div>\n<\/div>\n<\/div>\n\t<\/div>\n<\/div>\n<div class=\"fl-module fl-module-rich-text fl-node-5ed8c5be68bdb\" data-node=\"5ed8c5be68bdb\">\n\t<div class=\"fl-module-content fl-node-content\">\n\t\t<div class=\"fl-rich-text\">\n\t<div class=\"wp-block-group\">\n<div class=\"wp-block-group__inner-container\">\n<p>Dans la perspective de renforcer et dynamiser leurs actions, deux associations culturelles du Vieux-Lille, <strong>Saint-Andr\u00e9<\/strong> et <strong>Sainte-Catherine<\/strong>, cr\u00e9\u00e9es \u00e0 la fin des ann\u00e9es 1980, se sont regroup\u00e9es en une nouvelle association : <strong>\u2039\u2039 Les Amis des Clochers du Vieux-Lille \u203a\u203a<\/strong><\/p>\n<p style=\"text-align: left;\">Le but de cette nouvelle association demeure fid\u00e8le aux valeurs et aux engagements des anciennes :<\/p>\n<p style=\"text-align: center;\">\u00ab <em><strong>Animer, faire connaitre le patrimoine culturel des deux sites historiques.<\/strong><\/em><\/p>\n<p style=\"text-align: center;\"><em><strong>Participer, contribuer \u00e0 leurs restauration et mise en valeur.<\/strong><\/em>\u00a0\u00bb<\/p>\n<p>Aujourd\u2019hui, l\u2019association <strong>Les Amis des Clochers du Vieux-Lille<\/strong> compte 150 adh\u00e9rents.<\/p>\n<p>Elle se r\u00e9unit une fois par an en Assembl\u00e9e g\u00e9n\u00e9rale. Tous les membres \u00e0 jour de leur <strong>cotisation annuelle <\/strong>y sont convi\u00e9s. Tout au long de l'ann\u00e9e la vie et les activit\u00e9s de l'association sont anim\u00e9es par un conseil d'administration et un bureau.<\/p>\n<\/div>\n<\/div>\n<\/div>\n\t<\/div>\n<\/div>\n<div class=\"fl-module fl-module-rich-text fl-node-5ed8c54a5ddfb\" data-node=\"5ed8c54a5ddfb\">\n\t<div class=\"fl-module-content fl-node-content\">\n\t\t<div class=\"fl-rich-text\">\n\t<hr \/>\n<p><strong>Relations avec d'autres associations<\/strong><\/p>\n<\/div>\n\t<\/div>\n<\/div>\n<div class=\"fl-module fl-module-rich-text fl-node-5ed8d7665bbbb\" data-node=\"5ed8d7665bbbb\">\n\t<div class=\"fl-module-content fl-node-content\">\n\t\t<div class=\"fl-rich-text\">\n\t<ul>\n<li>Depuis 2018, <strong>Les Amis des Clochers du Vieux-Lille<\/strong> est membre du r\u00e9seau <strong>\u00c9glises Ouvertes<\/strong>, qui rassemble plus de 425 \u00e9glises en France, en Belgique et au Luxembourg :\n<ul>\n<li><span style=\"color: #0000ff;\"><strong><a style=\"color: #0000ff;\" href=\"https:\/\/openchurches.eu\/fr\/edifices\/saint-andre-lille-ndf\">Saint-Andr\u00e9 du Vieux-Lille sur le site d'\u00c9glises Ouvertes<\/a><\/strong><\/span><\/li>\n<li><span style=\"color: #0000ff;\"><strong><a style=\"color: #0000ff;\" href=\"https:\/\/openchurches.eu\/fr\/edifices\/sainte-catherine-lille-ndf\">Sainte-Catherine du Vieux-Lille sur le site d'\u00c9glises Ouvertes<\/a><\/strong><\/span><\/li>\n<\/ul>\n<\/li>\n<\/ul>\n<p>&nbsp;<\/p>\n<ul>\n<li>L'association participe aussi chaque ann\u00e9e \u00e0 la <strong><span style=\"color: #000000;\"><em><a style=\"color: #000000;\" href=\"https:\/\/www.narthex.fr\/nuit-des-eglises\">Nuit des \u00e9glises<\/a><\/em><\/span><\/strong>, \u00e9v\u00e9nement national port\u00e9 par la Conf\u00e9rence des \u00e9v\u00eaques de France.<\/li>\n<\/ul>\n<p>&nbsp;<\/p>\n<ul>\n<li>Les Amis des Clochers du Vieux-Lille partagent \u00e9galement la passion de la valorisation du patrimoine culturel aux c\u00f4t\u00e9s de l'association lilloise <strong><a href=\"http:\/\/www.chapellesandco.com\/\"><span style=\"color: #000000;\">Chapelles &amp; Co<\/span><\/a><\/strong>.<\/li>\n<\/ul>\n<\/div>\n\t<\/div>\n<\/div>\n\t<\/div>\n<\/div>\n\t<\/div>\n\t\t<\/div>\n\t<\/div>\n<\/div>\n<\/div>","protected":false},"excerpt":{"rendered":"<p>A propos de nous Dans la perspective de renforcer et dynamiser leurs actions, deux associations culturelles du Vieux-Lille, Saint-Andr\u00e9 et Sainte-Catherine, cr\u00e9\u00e9es \u00e0 la fin des ann\u00e9es 1980, se sont regroup\u00e9es en une nouvelle association : \u2039\u2039 Les Amis des Clochers du Vieux-Lille \u203a\u203a Le but de cette nouvelle association demeure fid\u00e8le aux valeurs et <a class=\"more-link\" href=\"https:\/\/lesamisdesclochersduvieuxlille.com\/index.php\/page-d-exemple\/\">Lire plus &#8230;<\/a><\/p>\n","protected":false},"author":1,"featured_media":214,"parent":0,"menu_order":0,"comment_status":"closed","ping_status":"open","template":"","meta":[],"_links":{"self":[{"href":"https:\/\/lesamisdesclochersduvieuxlille.com\/index.php\/wp-json\/wp\/v2\/pages\/2"}],"collection":[{"href":"https:\/\/lesamisdesclochersduvieuxlille.com\/index.php\/wp-json\/wp\/v2\/pages"}],"about":[{"href":"https:\/\/lesamisdesclochersduvieuxlille.com\/index.php\/wp-json\/wp\/v2\/types\/page"}],"author":[{"embeddable":true,"href":"https:\/\/lesamisdesclochersduvieuxlille.com\/index.php\/wp-json\/wp\/v2\/users\/1"}],"replies":[{"embeddable":true,"href":"https:\/\/lesamisdesclochersduvieuxlille.com\/index.php\/wp-json\/wp\/v2\/comments?post=2"}],"version-history":[{"count":29,"href":"https:\/\/lesamisdesclochersduvieuxlille.com\/index.php\/wp-json\/wp\/v2\/pages\/2\/revisions"}],"predecessor-version":[{"id":659,"href":"https:\/\/lesamisdesclochersduvieuxlille.com\/index.php\/wp-json\/wp\/v2\/pages\/2\/revisions\/659"}],"wp:featuredmedia":[{"embeddable":true,"href":"https:\/\/lesamisdesclochersduvieuxlille.com\/index.php\/wp-json\/wp\/v2\/media\/214"}],"wp:attachment":[{"href":"https:\/\/lesamisdesclochersduvieuxlille.com\/index.php\/wp-json\/wp\/v2\/media?parent=2"}],"curies":[{"name":"wp","href":"https:\/\/api.w.org\/{rel}","templated":true}]}}